{"id":1278,"date":"2024-07-02T15:09:12","date_gmt":"2024-07-02T12:09:12","guid":{"rendered":"https:\/\/sunaninkizlari.org\/arastirma-ve-yayinlar\/"},"modified":"2025-01-28T09:42:05","modified_gmt":"2025-01-28T06:42:05","slug":"arastirma-ve-yayinlar","status":"publish","type":"page","link":"https:\/\/sunaninkizlari.org\/en\/arastirma-ve-yayinlar\/","title":{"rendered":"Ara\u015ft\u0131rma ve Yay\u0131nlar"},"content":{"rendered":"","protected":false},"excerpt":{"rendered":"","protected":false},"author":1,"featured_media":0,"parent":0,"menu_order":0,"comment_status":"closed","ping_status":"closed","template":"page-templates\/arastirma-ve-yayinlar-page_EN.php","meta":{"inline_featured_image":false,"footnotes":""},"class_list":["post-1278","page","type-page","status-publish","hentry"],"_links":{"self":[{"href":"https:\/\/sunaninkizlari.org\/en\/wp-json\/wp\/v2\/pages\/1278","targetHints":{"allow":["GET"]}}],"collection":[{"href":"https:\/\/sunaninkizlari.org\/en\/wp-json\/wp\/v2\/pages"}],"about":[{"href":"https:\/\/sunaninkizlari.org\/en\/wp-json\/wp\/v2\/types\/page"}],"author":[{"embeddable":true,"href":"https:\/\/sunaninkizlari.org\/en\/wp-json\/wp\/v2\/users\/1"}],"replies":[{"embeddable":true,"href":"https:\/\/sunaninkizlari.org\/en\/wp-json\/wp\/v2\/comments?post=1278"}],"version-history":[{"count":1,"href":"https:\/\/sunaninkizlari.org\/en\/wp-json\/wp\/v2\/pages\/1278\/revisions"}],"predecessor-version":[{"id":1279,"href":"https:\/\/sunaninkizlari.org\/en\/wp-json\/wp\/v2\/pages\/1278\/revisions\/1279"}],"wp:attachment":[{"href":"https:\/\/sunaninkizlari.org\/en\/wp-json\/wp\/v2\/media?parent=1278"}],"curies":[{"name":"wp","href":"https:\/\/api.w.org\/{rel}","templated":true}]}}