{"id":1230,"date":"2024-08-26T14:30:48","date_gmt":"2024-08-26T11:30:48","guid":{"rendered":"https:\/\/sunaninkizlari.org\/gizlilik-bildirimi\/"},"modified":"2025-02-25T08:57:41","modified_gmt":"2025-02-25T05:57:41","slug":"privacy-notice","status":"publish","type":"page","link":"https:\/\/sunaninkizlari.org\/en\/privacy-notice\/","title":{"rendered":"Privacy Notice"},"content":{"rendered":"<p>Suna ve \u0130nan K\u0131ra\u00e7 Vakf\u0131, ki\u015fisel bilgilerin gizlili\u011fi ve korunmas\u0131 ilkesine ba\u011fl\u0131d\u0131r. Bu bildirimde, web sitelerimizi ziyaret etti\u011finizde ki\u015fisel bilgilerinizi korumak i\u00e7in ger\u00e7ekle\u015ftirdi\u011fimiz ad\u0131mlar ayr\u0131nt\u0131lar\u0131yla a\u00e7\u0131klanmaktad\u0131r. Toplad\u0131\u011f\u0131m\u0131z ki\u015fisel bilgiler, bu bilgilerin hangi ama\u00e7la kullan\u0131ld\u0131\u011f\u0131 ve bunlar\u0131 kullan\u0131m\u0131m\u0131zla ilgili sizin yapt\u0131\u011f\u0131n\u0131z se\u00e7imler anlat\u0131lmaktad\u0131r. Ki\u015fisel bilgilerinizi korumak \u00fczere ger\u00e7ekle\u015ftirdi\u011fimiz ad\u0131mlar ve ki\u015fisel bilgilerinizi nas\u0131l g\u00f6zden ge\u00e7irip d\u00fczeltece\u011finiz de bu bildirim kapsam\u0131ndad\u0131r. Web sitelerimize eri\u015fmekle s\u00f6z konusu bilgilerin toplanmas\u0131n\u0131 ve bu gizlilik bildiriminde a\u00e7\u0131klanan kullan\u0131m bi\u00e7imlerini kabul etmi\u015f olursunuz.<\/p>\n<p>Do\u011frudan sizden edindi\u011fimiz bilgiler.<\/p>\n<p>Genel olarak Suna ve \u0130nan K\u0131ra\u00e7 Vakf\u0131&#8217;n\u0131n web sitelerini herhangi bir ki\u015fisel bilgi girmeden ziyaret edebilirsiniz. Baz\u0131 sayfalarda belirli bir hizmetin sunulmas\u0131 veya istedi\u011finiz i\u015flemin ger\u00e7ekle\u015ftirilmesi i\u00e7in ki\u015fisel bilgilerinizi sa\u011flaman\u0131z\u0131 isteyebiliriz. Toplad\u0131\u011f\u0131m\u0131z ki\u015fisel bilgiler a\u015fa\u011f\u0131dakileri i\u00e7erebilir: ad\u0131n\u0131z, \u00fcnvan\u0131n\u0131z, \u015firket\/organizasyon adi, e-posta adresiniz, telefon ve faks numaralar\u0131n\u0131z ve a\u00e7\u0131k posta adresiniz gibi ileti\u015fim bilgileri; \u015firketiniz ve i\u015f tan\u0131m\u0131n\u0131zla ilgili bilgiler; e-posta pazarlama tercihleriniz; mali bilgileriniz (kredi kart\u0131 veya hesap bilgileri dahil olmak \u00fczere); belirli teknolojilere ili\u015fkin bilgilerin aktar\u0131labilmesi i\u00e7in ilgili ihracat kontrol y\u00f6netmeliklerine uygunlu\u011funuza karar verebilmemize olanak sa\u011flayan milliyet ve ya\u015fad\u0131\u011f\u0131n\u0131z \u00fclke gibi bilgiler; oturum a\u00e7ma ve teknik bilgiler gibi web sitelerimizi kullanman\u0131z\u0131 \u00f6zelle\u015ftirmek ve kolayla\u015ft\u0131rmak i\u00e7in yararlan\u0131lacak bilgiler; \u00fcr\u00fcnlerimiz ve hizmetlerimiz hakk\u0131nda ve sipari\u015flerinizle ilgili sorular ve; gereksinimlerinize en uygun \u00fcr\u00fcnleri ve hizmetleri belirlememize yard\u0131mc\u0131 olacak bilgiler; olay kay\u0131t bilgileri ve web sitelerimizle ve genel olarak \u00fcr\u00fcnlerimiz ve hizmetlerimiz hakk\u0131nda sa\u011flayaca\u011f\u0131n\u0131z geri bildirimleriniz.<\/p>\n<p>Bu bilgileri vermeniz zorunlu de\u011fildir ancak bilgileri vermedi\u011finiz durumlarda istemi\u015f oldu\u011funuz hizmeti sa\u011flayamayabilir veya i\u015flemi yapamayabiliriz.<\/p>\n<p>Otomatik olarak toplanan bilgiler.<\/p>\n<p>G\u00f6r\u00fcnt\u00fcledi\u011finiz sayfalar, aktar\u0131lan bayt miktar\u0131, t\u0131klatt\u0131\u011f\u0131n\u0131z ba\u011flant\u0131lar, eri\u015fti\u011finiz malzemeler ve Suna ve \u0130nan K\u0131ra\u00e7 Vakf\u0131 sitelerinde ger\u00e7ekle\u015ftirdi\u011finiz di\u011fer i\u015flemler gibi bilgilerin dahil oldu\u011fu sitelerimizi ziyaretinizle ilgili bilgiler taraf\u0131m\u0131zdan toplanmaktad\u0131r. Kullan\u0131c\u0131 kimli\u011fiyle girdi\u011finiz sitelerde \u00fcr\u00fcnlerimiz ve hizmetlerimizle ilgili olas\u0131 ilginizi belirlemek \u00fczere bu bilgileri kimli\u011finizle ili\u015fkilendirebiliriz. Internet Protokol\u00fc (IP) adresiniz, taray\u0131c\u0131 t\u00fcr\u00fcn\u00fcz, yetenekleri ve dili, i\u015fletim sisteminiz, siteye eri\u015fim tarihi ve saati, sitemize hangi web sitesinden eri\u015fti\u011finiz gibi taray\u0131c\u0131n\u0131z\u0131n ziyaret edilen her web sitesine g\u00f6nderdi\u011fi baz\u0131 standart bilgiler de toplanmaktad\u0131r. B\u00fct\u00fcn bu bilgiler kimli\u011finizle ili\u015fkilendirilmez.<\/p>\n<p>Bilgilerin kullan\u0131m\u0131.<\/p>\n<p>Hizmetler ve i\u015flemler : Ki\u015fisel bilgileriniz, Suna ve \u0130nan K\u0131ra\u00e7 Vakf\u0131 \u00fcr\u00fcnleriyle ilgili bilgi verilmesi, sat\u0131n al\u0131nan \u00fcr\u00fcnlerin kaydedilmesi, \u00fcr\u00fcn sipari\u015flerinin kar\u015f\u0131lanmas\u0131, garanti kapsam\u0131ndaki tazminat taleplerinin i\u015fleme konulmas\u0131, \u00fcr\u00fcn el kitaplar\u0131n\u0131n de\u011fi\u015ftirilmesi, m\u00fc\u015fteri hizmetleri isteklerinin yan\u0131tlanmas\u0131, web sitelerimizin kullan\u0131m\u0131n\u0131n kolayla\u015ft\u0131r\u0131lmas\u0131, vb. hizmetlerin sunulmas\u0131 veya i\u015flemlerin ger\u00e7ekle\u015ftirilmesi amac\u0131yla kullan\u0131l\u0131r. Suna ve \u0130nan K\u0131ra\u00e7 Vakf\u0131 ile olan ili\u015fkilerinizde daha tutarl\u0131 davran\u0131\u015flar sergileyebilmemiz i\u00e7in web sitelerimizden toplad\u0131\u011f\u0131m\u0131z bilgiler, di\u011fer y\u00f6ntemlerle toplad\u0131\u011f\u0131m\u0131z bilgilerle birle\u015ftirilebilir.<\/p>\n<p>Web sitelerinin geli\u015ftirmesi : Ki\u015fisel bilgilerinizi, web sitelerimiz ve Suna ve \u0130nan K\u0131ra\u00e7 Vakf\u0131 \u00fcr\u00fcnleri veya hizmetleriyle ilgili geli\u015ftirmeler veya ayn\u0131 bilgileri tekrar tekrar girmenizi \u00f6nleyerek web sitelerimizin kullan\u0131m\u0131n\u0131 kolayla\u015ft\u0131rmak ya da siteleri \u00f6zel tercihlerinize ve ilgilerinize g\u00f6re \u00f6zelle\u015ftirmek i\u00e7in kullanabiliriz.<\/p>\n<p>\u0130leti\u015fim : Taraf\u0131n\u0131zdan izin almak kayd\u0131yla, web sitelerimizden toplad\u0131\u011f\u0131m\u0131z ki\u015fisel bilgilerinizi, Suna ve \u0130nan K\u0131ra\u00e7 Vakf\u0131\u2019nin sundu\u011fu \u00fcr\u00fcn ve hizmetler hakk\u0131nda sizi bilgilendirmek \u00fczere kullanabiliriz. \u00dcr\u00fcnlerimiz ve hizmetlerimizle ilgili olarak taraf\u0131n\u0131zla ileti\u015fim kurmak amac\u0131yla kullan\u0131labilecek bilgiler toplan\u0131rken her zaman i\u00e7in bu t\u00fcr ileti\u015fimi istememe se\u00e7ene\u011finiz bulunacakt\u0131r. Ayr\u0131ca, g\u00f6nderdi\u011fimiz her e-postada, bu t\u00fcr ileti\u015fimi almay\u0131 durdurman\u0131za olanak sa\u011flayan bir abonelik iptali ba\u011flant\u0131s\u0131 da olacakt\u0131r. Aboneli\u011fi sonland\u0131rmay\u0131 se\u00e7meniz durumunda 10 i\u015f g\u00fcn\u00fc i\u00e7erisinde ilgili listeden \u00e7\u0131kar\u0131l\u0131rs\u0131n\u0131z.<\/p>\n<p>\u0130\u015f Ba\u015fvurular\u0131 : \u0130\u015f ba\u015fvurular\u0131 veya ara\u015ft\u0131rmalar\u0131yla ilgili olarak \u00f6zge\u00e7mi\u015finiz gibi kendinizle ilgili bilgiler sa\u011flaman\u0131z gerekebilir. Bu t\u00fcr bilgiler i\u015fe almayla ilgili olarak Suna ve \u0130nan K\u0131ra\u00e7 Vakf\u0131 ile denetimi alt\u0131ndaki alt ve yan kurulu\u015flar\u0131nda kullan\u0131labilir. Taraf\u0131n\u0131zdan aksi istenmedik\u00e7e bu bilgiler daha sonra da kullan\u0131lmak \u00fczere saklan\u0131r.<\/p>\n<p>Tan\u0131t\u0131m bilgilerinin ve web bilgi toplay\u0131c\u0131lar\u0131n\u0131n kullan\u0131m\u0131 : Tan\u0131t\u0131m bilgileri web sitelerinin sabit diskinize ve taray\u0131c\u0131n\u0131z\u0131n belle\u011fine kaydetti\u011fi k\u00fc\u00e7\u00fck dosyalard\u0131r. Bu bilgiler, sitenin ka\u00e7 kez ziyaret edildi\u011finin ve siteye gelen ziyaret\u00e7i say\u0131s\u0131n\u0131n izlenmesi, sitelerimizi ziyaret edenlerin kullan\u0131m davran\u0131\u015flar\u0131n\u0131n belirlenerek analiz edilmesi (\u00e7evrimi\u00e7i reklamlar\u0131n etkileri de dahil olmak \u00fczere), tercihleriniz gibi sa\u011flanan bilgilerin ve web sitelerimizle etkile\u015fimde kullan\u0131\u015fl\u0131 teknik bilgilerin depolanmas\u0131 amac\u0131yla kullan\u0131labilir. Oturum tan\u0131t\u0131m bilgileri (taray\u0131c\u0131 oturumu kapand\u0131\u011f\u0131nda silinen tan\u0131t\u0131m bilgileri) ve oturumun y\u00f6netimi i\u00e7in yararl\u0131 di\u011fer bilgiler kullan\u0131c\u0131 kimli\u011finizle profil \u00f6\u011felerinizin depolanmas\u0131 ve web sitelerimizde dola\u015f\u0131m\u0131n\u0131z\u0131 kolayla\u015ft\u0131rmak (\u00f6zellikle bilgi aramalar\u0131n\u0131zla ve sipari\u015f vermenizle ilgili olarak) amac\u0131yla kullan\u0131labilir. Tan\u0131t\u0131m bilgilerini kabul veya reddedebilirsiniz. Bir\u00e7ok internet taray\u0131c\u0131s\u0131 otomatik olarak tan\u0131t\u0131m bilgilerini kabul eder ancak taray\u0131c\u0131n\u0131z\u0131n ayarlar\u0131n\u0131 tan\u0131t\u0131m bilgilerini reddetmek veya bilgisayar\u0131n\u0131za tan\u0131t\u0131m bilgisi yerle\u015ftirildi\u011finde sizi uyarmak \u00fczere de\u011fi\u015ftirebilirsiniz. Tan\u0131t\u0131m bilgilerini reddetmeyi se\u00e7erseniz Suna ve \u0130nan K\u0131ra\u00e7 Vakf\u0131 web sitelerinin ve ziyaret etti\u011finiz di\u011fer sitelerin \u00f6zelliklerinden tam olarak yararlanamayabilirsiniz. Sitelerimiz, bu sayfalar\u0131 ka\u00e7 kullan\u0131c\u0131n\u0131n ziyaret etti\u011fini saymam\u0131za olanak sa\u011flayan ve kimi zaman tek pikselli gif&#8217;ler olarak da adland\u0131r\u0131lan, web bilgi toplay\u0131c\u0131lar\u0131 adl\u0131 elektronik g\u00f6r\u00fcnt\u00fcler de i\u00e7erebilir. Mesajlar\u0131m\u0131z\u0131n a\u00e7\u0131l\u0131p herhangi bir i\u015flem yap\u0131l\u0131p yap\u0131lmad\u0131\u011f\u0131n\u0131 belirlemek i\u00e7in tan\u0131t\u0131ma y\u00f6nelik e-posta mesajlar\u0131m\u0131zda veya Haber B\u00fcltenlerimizde de web bilgi toplay\u0131c\u0131lar\u0131 olabilir.<\/p>\n<p>Ki\u015fisel bilgilerinizin a\u00e7\u0131klanmas\u0131 : A\u015fa\u011f\u0131da belirtilen durumlar d\u0131\u015f\u0131nda web sitelerimiz \u00fczerinden Suna ve \u0130nan K\u0131ra\u00e7 Vakf\u0131\u2019ne sa\u011flad\u0131\u011f\u0131n\u0131z ki\u015fisel bilgileriniz izniniz olmadan Suna ve \u0130nan K\u0131ra\u00e7 Vakf\u0131 ile denetimi alt\u0131ndaki alt ve yan kurulu\u015flar\u0131 d\u0131\u015f\u0131ndakilerle payla\u015f\u0131lmayacakt\u0131r.<\/p>\n<p>Hizmet sa\u011flay\u0131c\u0131lara a\u00e7\u0131klanmas\u0131 : Suna ve \u0130nan K\u0131ra\u00e7 Vakf\u0131 kendi ad\u0131na hizmet sa\u011flamak \u00fczere web sitelerinin bar\u0131nd\u0131r\u0131lmas\u0131, bilgilerin g\u00f6nderilmesi, i\u015flemlerin ger\u00e7ekle\u015ftirilmesi ve web sitelerinin analiz edilmesi gibi hizmetlerin verilmesi i\u00e7in di\u011fer \u015firketlerle anla\u015fmalar yapar. Bu \u015firketlere ki\u015fisel bilgilerinizin yaln\u0131zca s\u00f6z konusu hizmetlerin ger\u00e7ekle\u015ftirilmesi i\u00e7in gereksinim duyduklar\u0131 \u00f6\u011feleri verilir. Bu \u015firketlerin ve \u00e7al\u0131\u015fanlar\u0131n\u0131n ki\u015fisel bilgilerinizi ba\u015fka ama\u00e7lar i\u00e7in kullanmalar\u0131 yasakt\u0131r.<\/p>\n<p>Da\u011f\u0131t\u0131mc\u0131lara a\u00e7\u0131klanmas\u0131 : \u0130ste\u011finizi yan\u0131tlamak i\u00e7in ki\u015fisel bilgilerinizi \u00fcr\u00fcnlerimizi da\u011f\u0131tan \u015firketlerle payla\u015fabiliriz. Bu gibi durumlarda ki\u015fisel bilgilerinizin yaln\u0131zca iste\u011finizin ger\u00e7ekle\u015ftirilmesi i\u00e7in gereken \u00f6\u011feleri verilir ve bu \u015firketlerle \u00e7al\u0131\u015fanlar\u0131n\u0131n ki\u015fisel bilgilerinizi ba\u015fka ama\u00e7lar i\u00e7in kullanmas\u0131 yasakt\u0131r. Baz\u0131 durumlarda, iste\u011finizin yan\u0131tlanmasi d\u0131\u015f\u0131nda pazarlama ama\u00e7lar\u0131 i\u00e7in bilgilerinizi da\u011f\u0131t\u0131mc\u0131larla payla\u015fmak \u00fczere sizin izninizi isteyebiliriz. Ancak, a\u00e7\u0131k olarak onay vermedi\u011finiz s\u00fcrece bilgileriniz, bu t\u00fcr pazarlama ama\u00e7lar\u0131 i\u00e7in payla\u015f\u0131lmaz.<\/p>\n<p>\u0130\u015flemlerle ilgili olarak a\u00e7\u0131klanmas\u0131 : Baz\u0131 i\u015flemlerle ilgili olarak ki\u015fisel bilgilerinizin tamam\u0131n\u0131 veya bir k\u0131sm\u0131n\u0131, i\u015flemin ger\u00e7ekle\u015ftirilmesi s\u00fcrecinde yer alan finansal \u015firketlere, devlet kurumlar\u0131na, nakliye \u015firketlerine veya posta hizmetlerine a\u00e7\u0131klayabiliriz.<\/p>\n<p>\u015eirket sat\u0131n almalar\u0131 veya sat\u0131lmalar\u0131yla ilgili olarak a\u00e7\u0131klanmas\u0131 : Stratejik veya di\u011fer i\u015f nedenleriyle Suna ve \u0130nan K\u0131ra\u00e7 Vakf\u0131&#8217;nin kimi \u00fclkelerde i\u015fletmeleri satma, sat\u0131n alma, birle\u015ftirme veya yeniden d\u00fczenleme karar\u0131 ald\u0131\u011f\u0131 durumlar olabilir. Bu t\u00fcr i\u015flemler, ki\u015fisel bilgilerinizin olas\u0131 veya ger\u00e7ek al\u0131c\u0131lara a\u00e7\u0131klanmas\u0131n\u0131 veya di\u011fer sat\u0131c\u0131lardan al\u0131nmas\u0131n\u0131 gerektirebilir. Bu t\u00fcr i\u015flemlerde s\u00f6z konusu bilgilerin uygun bi\u00e7imde korunmas\u0131n\u0131n sa\u011flanmas\u0131 Suna ve \u0130nan K\u0131ra\u00e7 Vakf\u0131\u2019nin ilkelerdendir.<\/p>\n<p>Di\u011fer nedenlerle a\u00e7\u0131klanmas\u0131 : Ki\u015fisel bilgiler yasalar\u0131n gerektirdi\u011fi durumlarda ya da haklar\u0131m\u0131z\u0131n ve varl\u0131klar\u0131m\u0131z\u0131n savunulmas\u0131 amac\u0131yla istenilen yasal i\u015flemleri ger\u00e7ekle\u015ftirmek veya acil durumlarda herhangi bir ki\u015finin ki\u015fisel g\u00fcvenli\u011fini korumak amac\u0131yla yasal gereksinimlere uyma iyi niyetinin sonucunda a\u00e7\u0131klanabilir.<\/p>\n<p>G\u00fcvenlik.<\/p>\n<p>Suna ve \u0130nan K\u0131ra\u00e7 Vakf\u0131 ki\u015fisel bilgilerinizin korunmas\u0131 ilkesine ba\u011flidir. Ki\u015fisel bilgilerinizi izinsiz eri\u015fime, kullanmaya ya da a\u00e7\u0131klamaya kar\u015f\u0131 korumak \u00fczere \u00e7e\u015fitli g\u00fcvenlik teknolojileri ve y\u00f6ntemleri kullanmaktay\u0131z. \u00d6rne\u011fin, sa\u011flad\u0131\u011f\u0131n\u0131z ki\u015fisel bilgiler, eri\u015fimin s\u0131n\u0131rland\u0131r\u0131ld\u0131\u011f\u0131 mekanlarda ve bilgisayar sistemlerinde depolan\u0131r. Sitelerimizden birinde oturum a\u00e7t\u0131\u011f\u0131n\u0131zda veya ticari bir i\u015flem yapt\u0131\u011f\u0131n\u0131zda, size veya \u015firketinize \u00f6zg\u00fc eri\u015fim bilgilerinin Internet \u00fczerinden iletimi amac\u0131yla bilgilerin \u015fifrelenmesi i\u00e7in G\u00fcvenli Yuva Katman\u0131 (SSL) protokol\u00fc gibi bu end\u00fcstride standart olarak kabul edilen g\u00fcvenlik teknolojileri kullan\u0131l\u0131r. Oturum a\u00e7t\u0131\u011f\u0131n\u0131z sitelerde parolan\u0131z\u0131n g\u00fcvenli\u011finin sa\u011flanmasi ve bu bilginin di\u011fer ki\u015filere a\u00e7\u0131klanmamas\u0131 sizin sorumlulu\u011funuzdad\u0131r. Oturum a\u00e7t\u0131\u011f\u0131n\u0131z sitede gezinirken veya ayn\u0131 oturum a\u00e7ma mekanizmas\u0131n\u0131 kullanan bir siteden di\u011ferine giderken, makinenize yerle\u015ftirilen \u015fifreli tan\u0131t\u0131m bilgileriyle kimli\u011finiz do\u011frulan\u0131r.<\/p>\n<p>Ki\u015fisel bilgilerinizin g\u00f6zden ge\u00e7irilmesi.<\/p>\n<p>Baz\u0131 durumlarda, web sitelerimiz arac\u0131l\u0131\u011f\u0131yla verdi\u011finiz ki\u015fisel bilgileri, bu bilgileri sa\u011flad\u0131\u011f\u0131n\u0131z sayfaya giderek g\u00f6zden ge\u00e7irebilir ve d\u00fczeltebilirsiniz. Her t\u00fcrl\u00fc durumda, web sitelerimiz \u00fczerinden toplanan ki\u015fisel bilgilerinizi g\u00f6zden ge\u00e7irmek ve d\u00fczeltmek veya Suna ve \u0130nan K\u0131ra\u00e7 Vakf\u0131\u2019nin bunlar\u0131 kullanmay\u0131 durdurmas\u0131n\u0131 istemek i\u00e7in Bize Basvurun formunu doldurabilirsiniz. Ki\u015fisel bilgilerinize eri\u015fiminizi sa\u011flamadan \u00f6nce kimli\u011finizi do\u011frulamak \u00fczere baz\u0131 i\u015flemler yapabiliriz. Posta adresinizdeki, telefon numaran\u0131zdaki veya e-posta adresinizdeki de\u011fi\u015fiklikleri taraf\u0131m\u0131za bildirerek bilgilerinizin do\u011fru olarak tutulmas\u0131 i\u00e7in bize yard\u0131mc\u0131 olabilirsiniz.<\/p>\n<p>Ki\u015fisel bilgilerin uluslararas\u0131 bi\u00e7imde aktar\u0131m\u0131na izin verme.<\/p>\n<p>Web sitelerimizden elde edilen ki\u015fisel bilgiler, Suna ve \u0130nan K\u0131ra\u00e7 Vakf\u0131\u2019nin veya alt ve yan kurulu\u015flar\u0131n\u0131n ya da temsilcilerinin bulundu\u011fu di\u011fer \u00fclkelere g\u00f6nderilebilir. Bu bilgileri orada depolayabilir veya i\u015fleyebiliriz. Her ne kadar bu \u00fclkelerdeki ki\u015fisel bilgi koruyucu yasalar, ya\u015fad\u0131\u011f\u0131n\u0131z yerden farkl\u0131l\u0131klar g\u00f6sterebilirse de, gizlili\u011finizin korunmas\u0131n\u0131 sa\u011flamak amac\u0131yla olas\u0131 her t\u00fcrl\u00fc \u00f6nlem al\u0131nmaktad\u0131r. Web sitelerimizi kullanarak ve bilgilerinizi sa\u011flayarak, bilgilerin ya\u015fad\u0131\u011f\u0131n\u0131 \u00fclkenin d\u0131\u015f\u0131na aktar\u0131lmas\u0131n\u0131 kabul etmi\u015f olursunuz.<\/p>\n<p>\u00c7ocuklarla ilgili bilgiler.<\/p>\n<p>Suna ve \u0130nan K\u0131ra\u00e7 Vakf\u0131 bilerek \u00e7ocuklardan veya \u00e7ocuklarla ilgili bilgi toplamaz ve web sitelerinin \u00e7ocuklarla ilgili bilgiler toplamas\u0131n\u0131n hedeflendi\u011fi bir faaliyette bulunmaz.<\/p>\n<p>Di\u011fer sitelere olan ba\u011flantilar.<\/p>\n<p>Web sitelerimiz, Suna ve \u0130nan K\u0131ra\u00e7 Vakf\u0131 da\u011f\u0131t\u0131mc\u0131lar\u0131na, alt ve yan kurulu\u015flar\u0131na, sat\u0131\u015f ortaklar\u0131na, profesyonel ve kamu kurulu\u015flar\u0131na ve yay\u0131mlarina ait di\u011fer sitelere ba\u011flant\u0131lar i\u00e7erebilir. \u00c7evrimi\u00e7i e\u011fitim programlar\u0131 bar\u0131nd\u0131ran, bak\u0131mlar\u0131n\u0131 yapan ve \u00e7al\u0131\u015ft\u0131ran \u00fc\u00e7\u00fcnc\u00fc taraf tedarik\u00e7ilere de ba\u011flant\u0131m\u0131z vard\u0131r. Yaln\u0131zca uygulad\u0131\u011f\u0131m\u0131z y\u00fcksek standartlar\u0131 payla\u015fan ve gizlilik ilkelerine sayg\u0131 g\u00f6steren sitelere ba\u011flant\u0131 olu\u015fturmaya gayret ediyor olmam\u0131za kar\u015f\u0131n s\u00f6z konusu di\u011fer sitelerin i\u00e7eri\u011fi, g\u00fcvenli\u011fi veya ger\u00e7ekle\u015ftirdikleri gizlilik uygulamalar\u0131ndan sorumlu olmad\u0131\u011f\u0131m\u0131z\u0131 beyan ederiz.<\/p>\n<p>Bu gizlilik bildiriminin uygulanmas\u0131.<\/p>\n<p>Bu bildirimle veya ki\u015fisel bilgilerinizin i\u015flenmesiyle ilgili sorular\u0131n\u0131z varsa l\u00fctfen Bize Ba\u015fvurun. Sorununuzla hemen ilgilenip tatmin edici bir \u00e7\u00f6z\u00fcme ula\u015fmak i\u00e7in gayret g\u00f6sterilecektir.<\/p>\n<p>Bu gizlilik bildirimindeki de\u011fi\u015fiklikler.<\/p>\n<p>Suna ve \u0130nan K\u0131ra\u00e7 Vakf\u0131, gerekti\u011fi durumlarda ki\u015fisel bilgilerin gizlili\u011fi ve korunmas\u0131 ilkesinden feragat etmeden bu gizlilik bildirimini g\u00fcncelleyebilir. Bu yap\u0131ld\u0131\u011f\u0131nda gizlilik bildiriminin en \u00fcst\u00fcndeki ve alt\u0131ndaki &#8220;en son g\u00fcncelleme&#8221; tarihi de de\u011fi\u015ftirilir. Ki\u015fisel bilgilerinizin toplanmas\u0131 s\u0131ras\u0131nda bu gizlilik bildiriminde herhangi bi\u00e7imde bulunmayan ve s\u00f6z konusu bilgilerin payla\u015f\u0131m\u0131n\u0131 veya kullan\u0131m\u0131n\u0131 maddi olarak geni\u015fletip art\u0131ran g\u00fcncellemeler i\u00e7in taraf\u0131n\u0131za sa\u011flanan kabul edip etmeme se\u00e7imiyle onay\u0131n\u0131z al\u0131n\u0131r.<\/p>\n","protected":false},"excerpt":{"rendered":"<p>Suna ve \u0130nan K\u0131ra\u00e7 Vakf\u0131, ki\u015fisel bilgilerin gizlili\u011fi ve korunmas\u0131 ilkesine ba\u011fl\u0131d\u0131r. Bu bildirimde, web sitelerimizi ziyaret etti\u011finizde ki\u015fisel bilgilerinizi korumak i\u00e7in ger\u00e7ekle\u015ftirdi\u011fimiz ad\u0131mlar ayr\u0131nt\u0131lar\u0131yla a\u00e7\u0131klanmaktad\u0131r. Toplad\u0131\u011f\u0131m\u0131z ki\u015fisel bilgiler, bu bilgilerin hangi ama\u00e7la kullan\u0131ld\u0131\u011f\u0131 ve bunlar\u0131 kullan\u0131m\u0131m\u0131zla ilgili sizin yapt\u0131\u011f\u0131n\u0131z se\u00e7imler anlat\u0131lmaktad\u0131r. Ki\u015fisel bilgilerinizi korumak \u00fczere ger\u00e7ekle\u015ftirdi\u011fimiz ad\u0131mlar ve ki\u015fisel bilgilerinizi nas\u0131l g\u00f6zden ge\u00e7irip d\u00fczeltece\u011finiz <a href=\"https:\/\/sunaninkizlari.org\/en\/privacy-notice\/\" class=\"more-link\">&#8230;<span class=\"screen-reader-text\">  Privacy Notice<\/span><\/a><\/p>\n","protected":false},"author":1,"featured_media":1125,"parent":0,"menu_order":0,"comment_status":"closed","ping_status":"closed","template":"page-templates\/_kvkk-page.php","meta":{"inline_featured_image":false,"footnotes":""},"class_list":["post-1230","page","type-page","status-publish","has-post-thumbnail","hentry"],"_links":{"self":[{"href":"https:\/\/sunaninkizlari.org\/en\/wp-json\/wp\/v2\/pages\/1230","targetHints":{"allow":["GET"]}}],"collection":[{"href":"https:\/\/sunaninkizlari.org\/en\/wp-json\/wp\/v2\/pages"}],"about":[{"href":"https:\/\/sunaninkizlari.org\/en\/wp-json\/wp\/v2\/types\/page"}],"author":[{"embeddable":true,"href":"https:\/\/sunaninkizlari.org\/en\/wp-json\/wp\/v2\/users\/1"}],"replies":[{"embeddable":true,"href":"https:\/\/sunaninkizlari.org\/en\/wp-json\/wp\/v2\/comments?post=1230"}],"version-history":[{"count":2,"href":"https:\/\/sunaninkizlari.org\/en\/wp-json\/wp\/v2\/pages\/1230\/revisions"}],"predecessor-version":[{"id":1448,"href":"https:\/\/sunaninkizlari.org\/en\/wp-json\/wp\/v2\/pages\/1230\/revisions\/1448"}],"wp:featuredmedia":[{"embeddable":true,"href":"https:\/\/sunaninkizlari.org\/en\/wp-json\/wp\/v2\/media\/1125"}],"wp:attachment":[{"href":"https:\/\/sunaninkizlari.org\/en\/wp-json\/wp\/v2\/media?parent=1230"}],"curies":[{"name":"wp","href":"https:\/\/api.w.org\/{rel}","templated":true}]}}