{"id":1227,"date":"2024-08-26T14:37:04","date_gmt":"2024-08-26T11:37:04","guid":{"rendered":"https:\/\/sunaninkizlari.org\/kullanim-kosullari\/"},"modified":"2025-02-25T08:57:32","modified_gmt":"2025-02-25T05:57:32","slug":"terms-of-use","status":"publish","type":"page","link":"https:\/\/sunaninkizlari.org\/en\/terms-of-use\/","title":{"rendered":"Terms of Use"},"content":{"rendered":"<p><strong>Yasal Uyar\u0131 &#8211; EN<\/strong><\/p>\n<p>Bu site Suna ve \u0130nan K\u0131ra\u00e7 Vakf\u0131&#8217;na (\u201cVak\u0131f\u201d) aittir. Sitemizi ziyaret eden kullan\u0131c\u0131lar a\u015fa\u011f\u0131daki ko\u015fullar\u0131, yaz\u0131lanlarla s\u0131n\u0131rl\u0131 olmamak \u015fart\u0131yla t\u00fcm maksat ve halin icab\u0131 ile kabul etmi\u015f say\u0131lacakt\u0131r.<\/p>\n<p>Vak\u0131f sitesinde yer alan t\u00fcm bilgiler, tablolar, yorum ve tavsiyeler ile buradan yap\u0131lan t\u00fcm linkler, kullan\u0131c\u0131ya bilgi vermek amac\u0131yla sunulmu\u015ftur. Suna ve \u0130nan K\u0131ra\u00e7 Vakf\u0131 internette yer alan web sitesindeki bilgilerin mevcut durumu yans\u0131tmas\u0131 i\u00e7in makul olan t\u00fcm gayreti g\u00f6stermi\u015ftir. Bu sitede yer alan bilgilerin revizesi ya da d\u00fczeltilmesi ile ilgili olarak; Suna ve \u0130nan K\u0131ra\u00e7 Vakf\u0131 \u00f6nceden haber vermeksizin, istedi\u011fi zaman sitedeki bilgilerin revizesi, de\u011fi\u015ftirilmesi, d\u00fczeltilmesi ve \u00e7\u0131kar\u0131lmas\u0131 gibi i\u015flemleri yapacak tek yetkili olup bu konudaki t\u00fcm haklara sahiptir. Bu sitede kullan\u0131lan baz\u0131 ifadeler ileriye d\u00f6n\u00fck olarak haz\u0131rlanm\u0131\u015f olabilece\u011finden \u00e7e\u015fitli risk ve belirsizlikler i\u00e7ermesi m\u00fcmk\u00fcnd\u00fcr. Muhtelif nedenlerden dolay\u0131 ger\u00e7ek sonu\u00e7 ve geli\u015fmeler, bu ifadelerde belirtilen ya da ima edilenlerden somut bir \u015fekilde farkl\u0131 olabilir.<\/p>\n<p>Kullan\u0131c\u0131lar bilgi ve dok\u00fcmanlar\u0131 sadece bilgi edinmek amac\u0131yla kullanabilir. Burada mevcut olan bilgiler Suna ve \u0130nan K\u0131ra\u00e7 Vakf\u0131\u2019n\u0131n \u00f6nceden yaz\u0131l\u0131 izni al\u0131nmaks\u0131z\u0131n k\u0131smen veya tamamen kopya edilemez, da\u011f\u0131t\u0131lamaz, kiralanamaz, \u00e7o\u011falt\u0131lamaz, alt lisansla kulland\u0131r\u0131lamaz, de\u011fi\u015ftirilemez, ileride kullan\u0131lmak \u00fczere saklanamaz, hi\u00e7bir \u015fekilde ticari ama\u00e7la kullan\u0131lamaz veya kulland\u0131r\u0131lamaz. Bu siteye eri\u015fim serbest ve anonimdir.<\/p>\n<p>Bu sitede yer alan herhangi bir bilgiyi, herhangi bir \u015fekilde tahrif etmek; her t\u00fcrl\u00fc cezai ve hukuki takibata neden olacakt\u0131r.<\/p>\n<p>Suna ve \u0130nan K\u0131ra\u00e7 Vakf\u0131 bu web sitesinde yay\u0131nlanm\u0131\u015f bilgiler ya da bilgilere dayan\u0131larak yap\u0131lan i\u015flemlerden veya siteye ula\u015f\u0131lamamas\u0131ndan do\u011fan ve do\u011facak zarar ve\/veya kay\u0131plardan Suna ve \u0130nan K\u0131ra\u00e7 Vakf\u0131 sorumlu tutulamaz. Vak\u0131f, bu ba\u011flant\u0131lar\u0131n ve ba\u011flant\u0131 ile gelen sitenin i\u00e7eri\u011fini ve i\u015fleyi\u015fini kontrol etmez. Ba\u011flant\u0131lar\u0131n kullan\u0131lmas\u0131 harici sitenin i\u00e7erdi\u011fi bilgilerin, \u00fcr\u00fcnlerin ve hizmetlerin onay\u0131 veya \u00f6nerilmesi anlam\u0131nda de\u011fildir. Ba\u011flant\u0131lar kullan\u0131ld\u0131\u011f\u0131 takdirde, Vak\u0131f Sitesinden ayr\u0131larak \u00e7\u0131k\u0131lm\u0131\u015f olunur.<\/p>\n<p>Sitede yer alan bilgilerin \u00e7e\u015fitli nedenlerle do\u011fruluk i\u00e7erecek \u015fekilde g\u00fcncelle\u015fmemesi; revizede gecikme, sitede olmas\u0131 muhtemel bir yanl\u0131\u015fl\u0131k veya eksiklikten ya da de\u011fi\u015fiklikten \u00f6t\u00fcr\u00fc Suna ve \u0130nan K\u0131ra\u00e7 Vakf\u0131\u2019na hi\u00e7 bir nam alt\u0131nda sorumluluk y\u00fcklenemez. G\u00fcncellemeye ili\u015fkin tarih bulunmas\u0131, belirtilen hususlar aksine Suna ve \u0130nan K\u0131ra\u00e7 Vakf\u0131\u2019n\u0131 hi\u00e7bir \u015fekilde y\u00fck\u00fcml\u00fcl\u00fck alt\u0131na sokmaz.<\/p>\n<p>Bu sitede bulunan bilgi veya ifadelerin (tasar\u0131mlar, resimler, logo v.b. gibi) telif hakk\u0131 Suna ve \u0130nan K\u0131ra\u00e7 Vakf\u0131\u2019na aittir. Suna ve \u0130nan K\u0131ra\u00e7 Vakf\u0131\u2019n\u0131n yaz\u0131l\u0131 izni olmaks\u0131z\u0131n kullan\u0131lamaz. Site ve i\u00e7eri\u011findeki bilgilerin kullan\u0131m\u0131ndan do\u011fabilecek ihtilaflarda, T\u00fcrk\u00e7e Yasal Uyar\u0131 metni esas al\u0131nacak olup, b\u00f6yle bir durumda Suna ve \u0130nan K\u0131ra\u00e7 Vakf\u0131 her t\u00fcrl\u00fc hukuki haklar\u0131n\u0131 kullanaca\u011f\u0131n\u0131 taahh\u00fct eder.<\/p>\n<p>Bu sitenin sahibi Suna ve \u0130nan K\u0131ra\u00e7 Vakf\u0131\u2019d\u0131r. Sitemizi ziyaret eden kullan\u0131c\u0131lar a\u015fa\u011f\u0131daki ko\u015fullar\u0131, yaz\u0131lanlarla s\u0131n\u0131rl\u0131 olmamak \u015fart\u0131yla t\u00fcm maksat ve halin icab\u0131 ile kabul etmi\u015f say\u0131lacakt\u0131r.<\/p>\n<p><strong>www.sunaninkizlari.org<\/strong>\u00a0sitesinde yer alan t\u00fcm bilgiler, tablolar, yorum ve tavsiyeler ile buradan yap\u0131lan t\u00fcm linkler, kullan\u0131c\u0131ya bilgi vermek amac\u0131yla sunulmu\u015ftur. Suna ve \u0130nan K\u0131ra\u00e7 Vakf\u0131 internette yer alan web sitesindeki bilgilerin mevcut durumu yans\u0131tmas\u0131 i\u00e7in makul olan t\u00fcm gayreti g\u00f6stermi\u015ftir. Bu sitede yer alan bilgilerin revizesi ya da d\u00fczeltilmesi ile ilgili olarak; Suna ve \u0130nan K\u0131ra\u00e7 Vakf\u0131 \u00f6nceden haber vermeksizin, istedi\u011fi zaman sitedeki bilgilerin revizesi, de\u011fi\u015ftirilmesi, d\u00fczeltilmesi ve \u00e7\u0131kar\u0131lmas\u0131 gibi i\u015flemleri yapacak tek yetkili olup bu konudaki t\u00fcm haklara sahiptir. Bu sitede kullan\u0131lan baz\u0131 ifadeler ileriye d\u00f6n\u00fck olarak haz\u0131rlanm\u0131\u015f olabilece\u011finden \u00e7e\u015fitli risk ve belirsizlikler i\u00e7ermesi m\u00fcmk\u00fcnd\u00fcr. Muhtelif nedenlerden dolay\u0131 ger\u00e7ek sonu\u00e7 ve geli\u015fmeler, bu ifadelerde belirtilen ya da ima edilenlerden somut bir \u015fekilde farkl\u0131 olabilir.<\/p>\n<p>Kullan\u0131c\u0131lar bilgi ve dok\u00fcmanlar\u0131 sadece bilgi edinmek amac\u0131yla kullanabilir. Burada mevcut olan bilgiler Suna ve \u0130nan K\u0131ra\u00e7 Vakf\u0131\u2019n\u0131n \u00f6nceden yaz\u0131l\u0131 izni al\u0131nmaks\u0131z\u0131n k\u0131smen veya tamamen kopya edilemez, da\u011f\u0131t\u0131lamaz, kiralanamaz, \u00e7o\u011falt\u0131lamaz, alt lisansla kulland\u0131r\u0131lamaz, de\u011fi\u015ftirilemez, ileride kullan\u0131lmak \u00fczere saklanamaz, hi\u00e7bir \u015fekilde ticari ama\u00e7la kullan\u0131lamaz veya kulland\u0131r\u0131lamaz. Bu siteye eri\u015fim serbest ve anonimdir.<\/p>\n<p>Bu sitede yer alan herhangi bir bilgiyi, herhangi bir \u015fekilde tahrif etmek; her t\u00fcrl\u00fc cezai hukuki takibata neden olacakt\u0131r.<\/p>\n<p>Suna ve \u0130nan K\u0131ra\u00e7 Vakf\u0131 bu web sitesinde yay\u0131nlanm\u0131\u015f bilgiler ya da bilgilere dayan\u0131larak yap\u0131lan i\u015flemlerden veya siteye ula\u015f\u0131lamamas\u0131ndan do\u011fan ve do\u011facak zarar ve\/veya kay\u0131plardan dolay\u0131 hi\u00e7bir \u015fekilde sorumluluk kabul etmez. Bu web sitesinin yay\u0131nlanmas\u0131, hi\u00e7 bir ki\u015fi ve\/veya kurulu\u015fa herhangi bir konuda, herhangi bir taahh\u00fct i\u00e7ermemektedir. Sitede yer alan bilgiler \u0131\u015f\u0131\u011f\u0131nda verilecek her t\u00fcrl\u00fc kararla ile ilgili t\u00fcm sorumluluk, bu siteyi ziyaret eden ki\u015fiye aittir.<\/p>\n<p>Suna ve \u0130nan K\u0131ra\u00e7 Vakf\u0131 web sitesine veya bu siteden ba\u011flant\u0131 yap\u0131larak ula\u015f\u0131lan herhangi bir web sitesine girilmesi veya bunlar\u0131n kullan\u0131m\u0131ndan do\u011fabilecek do\u011frudan veya dolayl\u0131 kay\u0131p veya zararlardan Suna ve \u0130nan K\u0131ra\u00e7 Vakf\u0131 sorumlu tutulamaz.<\/p>\n<p>Sitede yer alan bilgilerin \u00e7e\u015fitli nedenlerle do\u011fruluk i\u00e7erecek \u015fekilde g\u00fcncelle\u015fmemesi; revizede gecikme, sitede olmas\u0131 muhtemel bir yanl\u0131\u015fl\u0131k veya eksiklikten yada de\u011fi\u015fiklikten \u00f6t\u00fcr\u00fc Suna ve \u0130nan K\u0131ra\u00e7 Vakf\u0131\u2019na hi\u00e7 bir nam alt\u0131nda sorumluluk y\u00fcklenemez. G\u00fcncellemeye ili\u015fkin tarih bulunmas\u0131, belirtilen hususlar aksine Suna ve \u0130nan K\u0131ra\u00e7 Vakf\u0131\u2019n\u0131 hi\u00e7bir \u015fekilde y\u00fck\u00fcml\u00fcl\u00fck alt\u0131na sokmaz.<\/p>\n<p>Bu sitede bulunan bilgi veya ifadelerin (tasar\u0131mlar, resimler, logo v.b. gibi) telif hakk\u0131 Suna ve \u0130nan K\u0131ra\u00e7 Vakf\u0131\u2019na ve ortaklar\u0131na aittir. Suna ve \u0130nan K\u0131ra\u00e7 Vakf\u0131\u2019n\u0131n yaz\u0131l\u0131 izni olmaks\u0131z\u0131n kullan\u0131lamaz. Site ve i\u00e7eri\u011findeki bilgilerin kullan\u0131m\u0131ndan do\u011fabilecek ihtilaflarda, T\u00fcrk\u00e7e Yasal Uyar\u0131 metni esas al\u0131nacak olup, b\u00f6yle bir durumda Suna ve \u0130nan K\u0131ra\u00e7 Vakf\u0131 her t\u00fcrl\u00fc hukuki haklar\u0131n\u0131 kullanaca\u011f\u0131n\u0131 taahh\u00fct eder.<\/p>\n","protected":false},"excerpt":{"rendered":"<p>Yasal Uyar\u0131 &#8211; EN Bu site Suna ve \u0130nan K\u0131ra\u00e7 Vakf\u0131&#8217;na (\u201cVak\u0131f\u201d) aittir. Sitemizi ziyaret eden kullan\u0131c\u0131lar a\u015fa\u011f\u0131daki ko\u015fullar\u0131, yaz\u0131lanlarla s\u0131n\u0131rl\u0131 olmamak \u015fart\u0131yla t\u00fcm maksat ve halin icab\u0131 ile kabul etmi\u015f say\u0131lacakt\u0131r. Vak\u0131f sitesinde yer alan t\u00fcm bilgiler, tablolar, yorum ve tavsiyeler ile buradan yap\u0131lan t\u00fcm linkler, kullan\u0131c\u0131ya bilgi vermek amac\u0131yla sunulmu\u015ftur. Suna ve \u0130nan <a href=\"https:\/\/sunaninkizlari.org\/en\/terms-of-use\/\" class=\"more-link\">&#8230;<span class=\"screen-reader-text\">  Terms of Use<\/span><\/a><\/p>\n","protected":false},"author":1,"featured_media":1127,"parent":0,"menu_order":0,"comment_status":"closed","ping_status":"closed","template":"page-templates\/_kvkk-page.php","meta":{"inline_featured_image":false,"footnotes":""},"class_list":["post-1227","page","type-page","status-publish","has-post-thumbnail","hentry"],"_links":{"self":[{"href":"https:\/\/sunaninkizlari.org\/en\/wp-json\/wp\/v2\/pages\/1227","targetHints":{"allow":["GET"]}}],"collection":[{"href":"https:\/\/sunaninkizlari.org\/en\/wp-json\/wp\/v2\/pages"}],"about":[{"href":"https:\/\/sunaninkizlari.org\/en\/wp-json\/wp\/v2\/types\/page"}],"author":[{"embeddable":true,"href":"https:\/\/sunaninkizlari.org\/en\/wp-json\/wp\/v2\/users\/1"}],"replies":[{"embeddable":true,"href":"https:\/\/sunaninkizlari.org\/en\/wp-json\/wp\/v2\/comments?post=1227"}],"version-history":[{"count":2,"href":"https:\/\/sunaninkizlari.org\/en\/wp-json\/wp\/v2\/pages\/1227\/revisions"}],"predecessor-version":[{"id":1447,"href":"https:\/\/sunaninkizlari.org\/en\/wp-json\/wp\/v2\/pages\/1227\/revisions\/1447"}],"wp:featuredmedia":[{"embeddable":true,"href":"https:\/\/sunaninkizlari.org\/en\/wp-json\/wp\/v2\/media\/1127"}],"wp:attachment":[{"href":"https:\/\/sunaninkizlari.org\/en\/wp-json\/wp\/v2\/media?parent=1227"}],"curies":[{"name":"wp","href":"https:\/\/api.w.org\/{rel}","templated":true}]}}