{"id":1217,"date":"2024-10-16T09:28:14","date_gmt":"2024-10-16T06:28:14","guid":{"rendered":"https:\/\/sunaninkizlari.org\/bagis\/"},"modified":"2025-09-05T17:04:31","modified_gmt":"2025-09-05T14:04:31","slug":"donation","status":"publish","type":"page","link":"https:\/\/sunaninkizlari.org\/en\/donation\/","title":{"rendered":"Donation"},"content":{"rendered":"<p><strong>Your regular support can make you a true Friend of Hope. <\/strong><\/p>\n<p>Suna ve \u0130nan K\u0131ra\u00e7 Vakf\u0131 Suna\u2019n\u0131n K\u0131zlar\u0131 IBAN: <strong>TR72 0006 7010 0000 0047 0369 15<\/strong><\/p>\n","protected":false},"excerpt":{"rendered":"<p>Your regular support can make you a true Friend of Hope. Suna ve \u0130nan K\u0131ra\u00e7 Vakf\u0131 Suna\u2019n\u0131n K\u0131zlar\u0131 IBAN: TR72 0006 7010 0000 0047 0369 15<\/p>\n","protected":false},"author":1,"featured_media":1128,"parent":0,"menu_order":0,"comment_status":"closed","ping_status":"closed","template":"page-templates\/basig-page.php","meta":{"inline_featured_image":false,"footnotes":""},"class_list":["post-1217","page","type-page","status-publish","has-post-thumbnail","hentry"],"_links":{"self":[{"href":"https:\/\/sunaninkizlari.org\/en\/wp-json\/wp\/v2\/pages\/1217","targetHints":{"allow":["GET"]}}],"collection":[{"href":"https:\/\/sunaninkizlari.org\/en\/wp-json\/wp\/v2\/pages"}],"about":[{"href":"https:\/\/sunaninkizlari.org\/en\/wp-json\/wp\/v2\/types\/page"}],"author":[{"embeddable":true,"href":"https:\/\/sunaninkizlari.org\/en\/wp-json\/wp\/v2\/users\/1"}],"replies":[{"embeddable":true,"href":"https:\/\/sunaninkizlari.org\/en\/wp-json\/wp\/v2\/comments?post=1217"}],"version-history":[{"count":2,"href":"https:\/\/sunaninkizlari.org\/en\/wp-json\/wp\/v2\/pages\/1217\/revisions"}],"predecessor-version":[{"id":1507,"href":"https:\/\/sunaninkizlari.org\/en\/wp-json\/wp\/v2\/pages\/1217\/revisions\/1507"}],"wp:featuredmedia":[{"embeddable":true,"href":"https:\/\/sunaninkizlari.org\/en\/wp-json\/wp\/v2\/media\/1128"}],"wp:attachment":[{"href":"https:\/\/sunaninkizlari.org\/en\/wp-json\/wp\/v2\/media?parent=1217"}],"curies":[{"name":"wp","href":"https:\/\/api.w.org\/{rel}","templated":true}]}}